{"id":21,"date":"2017-09-21T14:45:09","date_gmt":"2017-09-21T13:45:09","guid":{"rendered":"http:\/\/896294.web09.swisscenter.com\/web\/?page_id=21"},"modified":"2018-07-02T12:41:00","modified_gmt":"2018-07-02T11:41:00","slug":"hh-2","status":"publish","type":"page","link":"https:\/\/hhsion.ch\/web\/hh-2\/","title":{"rendered":"h\u00b0H"},"content":{"rendered":"<p style=\"text-align: left;\">H\u00fcnerwadel &amp; H\u00e4berli Sion SA est une entreprise active depuis les ann\u00e9es 1990 dans les domaines de l\u2019ing\u00e9nieurie et de l\u2019architecture, sous la direction de M. Gillioz Pascal. L\u2019alliance de ces diff\u00e9rentes comp\u00e9tences nous permet de vous proposer une partenaire unique, capable de vous accompagner dans tout le processus d\u2019une r\u00e9alisation dans une d\u00e9marche globale.<\/p>\n<p style=\"text-align: left;\">Nos prestations comprennent les domaines du g\u00e9nie-civil, de l\u2019architecture, du design ainsi que les travaux de g\u00e9om\u00e8tre et de gestion immobili\u00e8re.<\/p>\n","protected":false},"excerpt":{"rendered":"<p>H\u00fcnerwadel &amp; H\u00e4berli Sion SA est une entreprise active depuis les ann\u00e9es 1990 dans les domaines de l\u2019ing\u00e9nieurie et de l\u2019architecture, sous la direction de M. Gillioz Pascal. L\u2019alliance de ces diff\u00e9rentes comp\u00e9tences nous permet de vous proposer une partenaire unique, capable de vous accompagner dans tout le processus d\u2019une r\u00e9alisation dans une d\u00e9marche globale. [&hellip;]<\/p>\n","protected":false},"author":1,"featured_media":0,"parent":0,"menu_order":0,"comment_status":"closed","ping_status":"closed","template":"","meta":{"om_disable_all_campaigns":false,"_monsterinsights_skip_tracking":false,"_monsterinsights_sitenote_active":false,"_monsterinsights_sitenote_note":"","_monsterinsights_sitenote_category":0,"_uf_show_specific_survey":0,"_uf_disable_surveys":false,"footnotes":""},"class_list":["post-21","page","type-page","status-publish","hentry"],"aioseo_notices":[],"yoast_head":"<!-- This site is optimized with the Yoast SEO plugin v25.8 - https:\/\/yoast.com\/wordpress\/plugins\/seo\/ -->\n<title>h\u00b0H &#183; H\u00fcnerwadel &amp; H\u00e4berli Sion SA<\/title>\n<meta name=\"robots\" content=\"index, follow, max-snippet:-1, max-image-preview:large, max-video-preview:-1\" \/>\n<link rel=\"canonical\" href=\"https:\/\/hhsion.ch\/web\/hh-2\/\" \/>\n<meta property=\"og:locale\" content=\"fr_FR\" \/>\n<meta property=\"og:type\" content=\"article\" \/>\n<meta property=\"og:title\" content=\"h\u00b0H &#183; H\u00fcnerwadel &amp; H\u00e4berli Sion SA\" \/>\n<meta property=\"og:description\" content=\"H\u00fcnerwadel &amp; H\u00e4berli Sion SA est une entreprise active depuis les ann\u00e9es 1990 dans les domaines de l\u2019ing\u00e9nieurie et de l\u2019architecture, sous la direction de M. Gillioz Pascal. L\u2019alliance de ces diff\u00e9rentes comp\u00e9tences nous permet de vous proposer une partenaire unique, capable de vous accompagner dans tout le processus d\u2019une r\u00e9alisation dans une d\u00e9marche globale. [&hellip;]\" \/>\n<meta property=\"og:url\" content=\"https:\/\/hhsion.ch\/web\/hh-2\/\" \/>\n<meta property=\"og:site_name\" content=\"H\u00fcnerwadel &amp; H\u00e4berli Sion SA\" \/>\n<meta property=\"article:publisher\" content=\"https:\/\/www.facebook.com\/HHsionSA\/\" \/>\n<meta property=\"article:modified_time\" content=\"2018-07-02T11:41:00+00:00\" \/>\n<meta name=\"twitter:card\" content=\"summary_large_image\" \/>\n<script type=\"application\/ld+json\" class=\"yoast-schema-graph\">{\"@context\":\"https:\/\/schema.org\",\"@graph\":[{\"@type\":\"WebPage\",\"@id\":\"https:\/\/hhsion.ch\/web\/hh-2\/\",\"url\":\"https:\/\/hhsion.ch\/web\/hh-2\/\",\"name\":\"h\u00b0H &#183; H\u00fcnerwadel &amp; H\u00e4berli Sion SA\",\"isPartOf\":{\"@id\":\"https:\/\/hhsion.ch\/web\/#website\"},\"datePublished\":\"2017-09-21T13:45:09+00:00\",\"dateModified\":\"2018-07-02T11:41:00+00:00\",\"breadcrumb\":{\"@id\":\"https:\/\/hhsion.ch\/web\/hh-2\/#breadcrumb\"},\"inLanguage\":\"fr-FR\",\"potentialAction\":[{\"@type\":\"ReadAction\",\"target\":[\"https:\/\/hhsion.ch\/web\/hh-2\/\"]}]},{\"@type\":\"BreadcrumbList\",\"@id\":\"https:\/\/hhsion.ch\/web\/hh-2\/#breadcrumb\",\"itemListElement\":[{\"@type\":\"ListItem\",\"position\":1,\"name\":\"Accueil\",\"item\":\"https:\/\/hhsion.ch\/web\/\"},{\"@type\":\"ListItem\",\"position\":2,\"name\":\"h\u00b0H\"}]},{\"@type\":\"WebSite\",\"@id\":\"https:\/\/hhsion.ch\/web\/#website\",\"url\":\"https:\/\/hhsion.ch\/web\/\",\"name\":\"H\u00fcnerwadel & H\u00e4berli Sion SA\",\"description\":\"\",\"publisher\":{\"@id\":\"https:\/\/hhsion.ch\/web\/#organization\"},\"potentialAction\":[{\"@type\":\"SearchAction\",\"target\":{\"@type\":\"EntryPoint\",\"urlTemplate\":\"https:\/\/hhsion.ch\/web\/?s={search_term_string}\"},\"query-input\":{\"@type\":\"PropertyValueSpecification\",\"valueRequired\":true,\"valueName\":\"search_term_string\"}}],\"inLanguage\":\"fr-FR\"},{\"@type\":\"Organization\",\"@id\":\"https:\/\/hhsion.ch\/web\/#organization\",\"name\":\"H\u00fcnerwadel & H\u00e4berli Sion SA\",\"url\":\"https:\/\/hhsion.ch\/web\/\",\"logo\":{\"@type\":\"ImageObject\",\"inLanguage\":\"fr-FR\",\"@id\":\"https:\/\/hhsion.ch\/web\/#\/schema\/logo\/image\/\",\"url\":\"https:\/\/hhsion.ch\/web\/wp-content\/uploads\/2017\/09\/images.jpg\",\"contentUrl\":\"https:\/\/hhsion.ch\/web\/wp-content\/uploads\/2017\/09\/images.jpg\",\"width\":225,\"height\":225,\"caption\":\"H\u00fcnerwadel & H\u00e4berli Sion SA\"},\"image\":{\"@id\":\"https:\/\/hhsion.ch\/web\/#\/schema\/logo\/image\/\"},\"sameAs\":[\"https:\/\/www.facebook.com\/HHsionSA\/\",\"https:\/\/www.instagram.com\/hhsionsa\/\",\"https:\/\/www.linkedin.com\/company\/h-h-sion-sa\/\"]}]}<\/script>\n<!-- \/ Yoast SEO plugin. -->","yoast_head_json":{"title":"h\u00b0H &#183; H\u00fcnerwadel &amp; H\u00e4berli Sion SA","robots":{"index":"index","follow":"follow","max-snippet":"max-snippet:-1","max-image-preview":"max-image-preview:large","max-video-preview":"max-video-preview:-1"},"canonical":"https:\/\/hhsion.ch\/web\/hh-2\/","og_locale":"fr_FR","og_type":"article","og_title":"h\u00b0H &#183; H\u00fcnerwadel &amp; H\u00e4berli Sion SA","og_description":"H\u00fcnerwadel &amp; H\u00e4berli Sion SA est une entreprise active depuis les ann\u00e9es 1990 dans les domaines de l\u2019ing\u00e9nieurie et de l\u2019architecture, sous la direction de M. Gillioz Pascal. L\u2019alliance de ces diff\u00e9rentes comp\u00e9tences nous permet de vous proposer une partenaire unique, capable de vous accompagner dans tout le processus d\u2019une r\u00e9alisation dans une d\u00e9marche globale. [&hellip;]","og_url":"https:\/\/hhsion.ch\/web\/hh-2\/","og_site_name":"H\u00fcnerwadel &amp; H\u00e4berli Sion SA","article_publisher":"https:\/\/www.facebook.com\/HHsionSA\/","article_modified_time":"2018-07-02T11:41:00+00:00","twitter_card":"summary_large_image","schema":{"@context":"https:\/\/schema.org","@graph":[{"@type":"WebPage","@id":"https:\/\/hhsion.ch\/web\/hh-2\/","url":"https:\/\/hhsion.ch\/web\/hh-2\/","name":"h\u00b0H &#183; H\u00fcnerwadel &amp; H\u00e4berli Sion SA","isPartOf":{"@id":"https:\/\/hhsion.ch\/web\/#website"},"datePublished":"2017-09-21T13:45:09+00:00","dateModified":"2018-07-02T11:41:00+00:00","breadcrumb":{"@id":"https:\/\/hhsion.ch\/web\/hh-2\/#breadcrumb"},"inLanguage":"fr-FR","potentialAction":[{"@type":"ReadAction","target":["https:\/\/hhsion.ch\/web\/hh-2\/"]}]},{"@type":"BreadcrumbList","@id":"https:\/\/hhsion.ch\/web\/hh-2\/#breadcrumb","itemListElement":[{"@type":"ListItem","position":1,"name":"Accueil","item":"https:\/\/hhsion.ch\/web\/"},{"@type":"ListItem","position":2,"name":"h\u00b0H"}]},{"@type":"WebSite","@id":"https:\/\/hhsion.ch\/web\/#website","url":"https:\/\/hhsion.ch\/web\/","name":"H\u00fcnerwadel & H\u00e4berli Sion SA","description":"","publisher":{"@id":"https:\/\/hhsion.ch\/web\/#organization"},"potentialAction":[{"@type":"SearchAction","target":{"@type":"EntryPoint","urlTemplate":"https:\/\/hhsion.ch\/web\/?s={search_term_string}"},"query-input":{"@type":"PropertyValueSpecification","valueRequired":true,"valueName":"search_term_string"}}],"inLanguage":"fr-FR"},{"@type":"Organization","@id":"https:\/\/hhsion.ch\/web\/#organization","name":"H\u00fcnerwadel & H\u00e4berli Sion SA","url":"https:\/\/hhsion.ch\/web\/","logo":{"@type":"ImageObject","inLanguage":"fr-FR","@id":"https:\/\/hhsion.ch\/web\/#\/schema\/logo\/image\/","url":"https:\/\/hhsion.ch\/web\/wp-content\/uploads\/2017\/09\/images.jpg","contentUrl":"https:\/\/hhsion.ch\/web\/wp-content\/uploads\/2017\/09\/images.jpg","width":225,"height":225,"caption":"H\u00fcnerwadel & H\u00e4berli Sion SA"},"image":{"@id":"https:\/\/hhsion.ch\/web\/#\/schema\/logo\/image\/"},"sameAs":["https:\/\/www.facebook.com\/HHsionSA\/","https:\/\/www.instagram.com\/hhsionsa\/","https:\/\/www.linkedin.com\/company\/h-h-sion-sa\/"]}]}},"_links":{"self":[{"href":"https:\/\/hhsion.ch\/web\/wp-json\/wp\/v2\/pages\/21","targetHints":{"allow":["GET"]}}],"collection":[{"href":"https:\/\/hhsion.ch\/web\/wp-json\/wp\/v2\/pages"}],"about":[{"href":"https:\/\/hhsion.ch\/web\/wp-json\/wp\/v2\/types\/page"}],"author":[{"embeddable":true,"href":"https:\/\/hhsion.ch\/web\/wp-json\/wp\/v2\/users\/1"}],"replies":[{"embeddable":true,"href":"https:\/\/hhsion.ch\/web\/wp-json\/wp\/v2\/comments?post=21"}],"version-history":[{"count":5,"href":"https:\/\/hhsion.ch\/web\/wp-json\/wp\/v2\/pages\/21\/revisions"}],"predecessor-version":[{"id":1091,"href":"https:\/\/hhsion.ch\/web\/wp-json\/wp\/v2\/pages\/21\/revisions\/1091"}],"wp:attachment":[{"href":"https:\/\/hhsion.ch\/web\/wp-json\/wp\/v2\/media?parent=21"}],"curies":[{"name":"wp","href":"https:\/\/api.w.org\/{rel}","templated":true}]}}