{"id":1685,"date":"2021-09-28T05:24:26","date_gmt":"2021-09-28T04:24:26","guid":{"rendered":"https:\/\/hhsion.ch\/web\/?page_id=1685"},"modified":"2021-09-28T05:54:28","modified_gmt":"2021-09-28T04:54:28","slug":"tunnel","status":"publish","type":"page","link":"https:\/\/hhsion.ch\/web\/genie-civile-et-geometre\/tunnel\/","title":{"rendered":"Tunnel et tranch\u00e9e couverte"},"content":{"rendered":"\t\t<div data-elementor-type=\"wp-page\" data-elementor-id=\"1685\" class=\"elementor elementor-1685\" data-elementor-post-type=\"page\">\n\t\t\t\t\t\t<section class=\"elementor-section elementor-top-section elementor-element elementor-element-897e479 elementor-section-boxed elementor-section-height-default elementor-section-height-default\" data-id=\"897e479\" data-element_type=\"section\">\n\t\t\t\t\t\t<div class=\"elementor-container elementor-column-gap-default\">\n\t\t\t\t\t<div class=\"elementor-column elementor-col-100 elementor-top-column elementor-element elementor-element-de2c04c\" data-id=\"de2c04c\" data-element_type=\"column\">\n\t\t\t<div class=\"elementor-widget-wrap elementor-element-populated\">\n\t\t\t\t\t\t<div class=\"elementor-element elementor-element-51a86bb elementor-grid-4 elementor-grid-tablet-2 elementor-grid-mobile-1 elementor-posts--thumbnail-top elementor-widget elementor-widget-posts\" data-id=\"51a86bb\" data-element_type=\"widget\" data-settings=\"{&quot;classic_columns&quot;:&quot;4&quot;,&quot;classic_masonry&quot;:&quot;yes&quot;,&quot;classic_row_gap&quot;:{&quot;unit&quot;:&quot;px&quot;,&quot;size&quot;:76,&quot;sizes&quot;:[]},&quot;pagination_type&quot;:&quot;numbers&quot;,&quot;classic_columns_tablet&quot;:&quot;2&quot;,&quot;classic_columns_mobile&quot;:&quot;1&quot;,&quot;classic_row_gap_tablet&quot;:{&quot;unit&quot;:&quot;px&quot;,&quot;size&quot;:&quot;&quot;,&quot;sizes&quot;:[]},&quot;classic_row_gap_mobile&quot;:{&quot;unit&quot;:&quot;px&quot;,&quot;size&quot;:&quot;&quot;,&quot;sizes&quot;:[]}}\" data-widget_type=\"posts.classic\">\n\t\t\t\t<div class=\"elementor-widget-container\">\n\t\t\t\t\t\t\t<div class=\"elementor-posts-container elementor-posts elementor-posts--skin-classic elementor-grid\" role=\"list\">\n\t\t\t\t<article class=\"elementor-post elementor-grid-item post-660 post type-post status-publish format-standard has-post-thumbnail hentry category-actualites category-architecture-references category-geometre category-genie-civil-references category-ouvrage-dart category-tunnel-et-tranchee-couverte\" role=\"listitem\">\n\t\t\t\t<a class=\"elementor-post__thumbnail__link\" href=\"https:\/\/hhsion.ch\/web\/tunnel-hubil-a-salquenen\/\" tabindex=\"-1\" >\n\t\t\t<div class=\"elementor-post__thumbnail\"><img fetchpriority=\"high\" decoding=\"async\" width=\"640\" height=\"311\" src=\"https:\/\/hhsion.ch\/web\/wp-content\/uploads\/2018\/06\/hubil-1-768x373.jpg\" class=\"attachment-medium_large size-medium_large wp-image-656\" alt=\"\" srcset=\"https:\/\/hhsion.ch\/web\/wp-content\/uploads\/2018\/06\/hubil-1-768x373.jpg 768w, https:\/\/hhsion.ch\/web\/wp-content\/uploads\/2018\/06\/hubil-1-300x146.jpg 300w, https:\/\/hhsion.ch\/web\/wp-content\/uploads\/2018\/06\/hubil-1-1024x497.jpg 1024w, https:\/\/hhsion.ch\/web\/wp-content\/uploads\/2018\/06\/hubil-1.jpg 1734w\" sizes=\"(max-width: 640px) 100vw, 640px\" \/><\/div>\n\t\t<\/a>\n\t\t\t\t<div class=\"elementor-post__text\">\n\t\t\t\t<h3 class=\"elementor-post__title\">\n\t\t\t<a href=\"https:\/\/hhsion.ch\/web\/tunnel-hubil-a-salquenen\/\" >\n\t\t\t\tTunnel Hubil \u00e0 Salquenen\t\t\t<\/a>\n\t\t<\/h3>\n\t\t\t\t<div class=\"elementor-post__meta-data\">\n\t\t\t\t\t<span class=\"elementor-post-date\">\n\t\t\t22 juin 2005\t\t<\/span>\n\t\t\t\t<\/div>\n\t\t\t\t<\/div>\n\t\t\t\t<\/article>\n\t\t\t\t<article class=\"elementor-post elementor-grid-item post-743 post type-post status-publish format-standard hentry category-actualites category-genie-civil-references category-tunnel-et-tranchee-couverte\" role=\"listitem\">\n\t\t\t\t<div class=\"elementor-post__text\">\n\t\t\t\t<h3 class=\"elementor-post__title\">\n\t\t\t<a href=\"https:\/\/hhsion.ch\/web\/galerie-de-la-tormaz\/\" >\n\t\t\t\tGalerie de la Tormaz\t\t\t<\/a>\n\t\t<\/h3>\n\t\t\t\t<div class=\"elementor-post__meta-data\">\n\t\t\t\t\t<span class=\"elementor-post-date\">\n\t\t\t27 juin 2001\t\t<\/span>\n\t\t\t\t<\/div>\n\t\t\t\t<\/div>\n\t\t\t\t<\/article>\n\t\t\t\t<article class=\"elementor-post elementor-grid-item post-741 post type-post status-publish format-standard hentry category-actualites category-genie-civil-references category-tunnel-et-tranchee-couverte\" role=\"listitem\">\n\t\t\t\t<div class=\"elementor-post__text\">\n\t\t\t\t<h3 class=\"elementor-post__title\">\n\t\t\t<a href=\"https:\/\/hhsion.ch\/web\/cleuson-grande-dixence\/\" >\n\t\t\t\tGaleries Cleuson Grande Dixence\t\t\t<\/a>\n\t\t<\/h3>\n\t\t\t\t<div class=\"elementor-post__meta-data\">\n\t\t\t\t\t<span class=\"elementor-post-date\">\n\t\t\t27 juin 1999\t\t<\/span>\n\t\t\t\t<\/div>\n\t\t\t\t<\/div>\n\t\t\t\t<\/article>\n\t\t\t\t<article class=\"elementor-post elementor-grid-item post-745 post type-post status-publish format-standard hentry category-actualites category-genie-civil-references category-travaux-speciaux category-tunnel-et-tranchee-couverte\" role=\"listitem\">\n\t\t\t\t<div class=\"elementor-post__text\">\n\t\t\t\t<h3 class=\"elementor-post__title\">\n\t\t\t<a href=\"https:\/\/hhsion.ch\/web\/tunnel-et-pousse-tubes-a-sion\/\" >\n\t\t\t\tTunnel et pousse-tubes ,\u00e0 Sion\t\t\t<\/a>\n\t\t<\/h3>\n\t\t\t\t<div class=\"elementor-post__meta-data\">\n\t\t\t\t\t<span class=\"elementor-post-date\">\n\t\t\t27 juin 1993\t\t<\/span>\n\t\t\t\t<\/div>\n\t\t\t\t<\/div>\n\t\t\t\t<\/article>\n\t\t\t\t<\/div>\n\t\t\n\t\t\t\t\t\t<\/div>\n\t\t\t\t<\/div>\n\t\t\t\t\t<\/div>\n\t\t<\/div>\n\t\t\t\t\t<\/div>\n\t\t<\/section>\n\t\t\t\t<\/div>\n\t\t","protected":false},"excerpt":{"rendered":"","protected":false},"author":1,"featured_media":0,"parent":23,"menu_order":0,"comment_status":"closed","ping_status":"closed","template":"","meta":{"om_disable_all_campaigns":false,"_monsterinsights_skip_tracking":false,"_monsterinsights_sitenote_active":false,"_monsterinsights_sitenote_note":"","_monsterinsights_sitenote_category":0,"_uf_show_specific_survey":0,"_uf_disable_surveys":false,"footnotes":""},"class_list":["post-1685","page","type-page","status-publish","hentry"],"aioseo_notices":[],"yoast_head":"<!-- This site is optimized with the Yoast SEO plugin v25.8 - https:\/\/yoast.com\/wordpress\/plugins\/seo\/ -->\n<title>Tunnel et tranch\u00e9e couverte &#183; H\u00fcnerwadel &amp; H\u00e4berli Sion SA<\/title>\n<meta name=\"robots\" content=\"index, follow, max-snippet:-1, max-image-preview:large, max-video-preview:-1\" \/>\n<link rel=\"canonical\" href=\"https:\/\/hhsion.ch\/web\/genie-civile-et-geometre\/tunnel\/\" \/>\n<meta property=\"og:locale\" content=\"fr_FR\" \/>\n<meta property=\"og:type\" content=\"article\" \/>\n<meta property=\"og:title\" content=\"Tunnel et tranch\u00e9e couverte &#183; H\u00fcnerwadel &amp; H\u00e4berli Sion SA\" \/>\n<meta property=\"og:url\" content=\"https:\/\/hhsion.ch\/web\/genie-civile-et-geometre\/tunnel\/\" \/>\n<meta property=\"og:site_name\" content=\"H\u00fcnerwadel &amp; H\u00e4berli Sion SA\" \/>\n<meta property=\"article:publisher\" content=\"https:\/\/www.facebook.com\/HHsionSA\/\" \/>\n<meta property=\"article:modified_time\" content=\"2021-09-28T04:54:28+00:00\" \/>\n<meta name=\"twitter:card\" content=\"summary_large_image\" \/>\n<meta name=\"twitter:label1\" content=\"Dur\u00e9e de lecture estim\u00e9e\" \/>\n\t<meta name=\"twitter:data1\" content=\"1 minute\" \/>\n<script type=\"application\/ld+json\" class=\"yoast-schema-graph\">{\"@context\":\"https:\/\/schema.org\",\"@graph\":[{\"@type\":\"WebPage\",\"@id\":\"https:\/\/hhsion.ch\/web\/genie-civile-et-geometre\/tunnel\/\",\"url\":\"https:\/\/hhsion.ch\/web\/genie-civile-et-geometre\/tunnel\/\",\"name\":\"Tunnel et tranch\u00e9e couverte &#183; H\u00fcnerwadel &amp; H\u00e4berli Sion SA\",\"isPartOf\":{\"@id\":\"https:\/\/hhsion.ch\/web\/#website\"},\"datePublished\":\"2021-09-28T04:24:26+00:00\",\"dateModified\":\"2021-09-28T04:54:28+00:00\",\"breadcrumb\":{\"@id\":\"https:\/\/hhsion.ch\/web\/genie-civile-et-geometre\/tunnel\/#breadcrumb\"},\"inLanguage\":\"fr-FR\",\"potentialAction\":[{\"@type\":\"ReadAction\",\"target\":[\"https:\/\/hhsion.ch\/web\/genie-civile-et-geometre\/tunnel\/\"]}]},{\"@type\":\"BreadcrumbList\",\"@id\":\"https:\/\/hhsion.ch\/web\/genie-civile-et-geometre\/tunnel\/#breadcrumb\",\"itemListElement\":[{\"@type\":\"ListItem\",\"position\":1,\"name\":\"Accueil\",\"item\":\"https:\/\/hhsion.ch\/web\/\"},{\"@type\":\"ListItem\",\"position\":2,\"name\":\"Ing\u00e9nieur civil\",\"item\":\"https:\/\/hhsion.ch\/web\/genie-civile-et-geometre\/\"},{\"@type\":\"ListItem\",\"position\":3,\"name\":\"Tunnel et tranch\u00e9e couverte\"}]},{\"@type\":\"WebSite\",\"@id\":\"https:\/\/hhsion.ch\/web\/#website\",\"url\":\"https:\/\/hhsion.ch\/web\/\",\"name\":\"H\u00fcnerwadel & H\u00e4berli Sion SA\",\"description\":\"\",\"publisher\":{\"@id\":\"https:\/\/hhsion.ch\/web\/#organization\"},\"potentialAction\":[{\"@type\":\"SearchAction\",\"target\":{\"@type\":\"EntryPoint\",\"urlTemplate\":\"https:\/\/hhsion.ch\/web\/?s={search_term_string}\"},\"query-input\":{\"@type\":\"PropertyValueSpecification\",\"valueRequired\":true,\"valueName\":\"search_term_string\"}}],\"inLanguage\":\"fr-FR\"},{\"@type\":\"Organization\",\"@id\":\"https:\/\/hhsion.ch\/web\/#organization\",\"name\":\"H\u00fcnerwadel & H\u00e4berli Sion SA\",\"url\":\"https:\/\/hhsion.ch\/web\/\",\"logo\":{\"@type\":\"ImageObject\",\"inLanguage\":\"fr-FR\",\"@id\":\"https:\/\/hhsion.ch\/web\/#\/schema\/logo\/image\/\",\"url\":\"https:\/\/hhsion.ch\/web\/wp-content\/uploads\/2017\/09\/images.jpg\",\"contentUrl\":\"https:\/\/hhsion.ch\/web\/wp-content\/uploads\/2017\/09\/images.jpg\",\"width\":225,\"height\":225,\"caption\":\"H\u00fcnerwadel & H\u00e4berli Sion SA\"},\"image\":{\"@id\":\"https:\/\/hhsion.ch\/web\/#\/schema\/logo\/image\/\"},\"sameAs\":[\"https:\/\/www.facebook.com\/HHsionSA\/\",\"https:\/\/www.instagram.com\/hhsionsa\/\",\"https:\/\/www.linkedin.com\/company\/h-h-sion-sa\/\"]}]}<\/script>\n<!-- \/ Yoast SEO plugin. -->","yoast_head_json":{"title":"Tunnel et tranch\u00e9e couverte &#183; H\u00fcnerwadel &amp; H\u00e4berli Sion SA","robots":{"index":"index","follow":"follow","max-snippet":"max-snippet:-1","max-image-preview":"max-image-preview:large","max-video-preview":"max-video-preview:-1"},"canonical":"https:\/\/hhsion.ch\/web\/genie-civile-et-geometre\/tunnel\/","og_locale":"fr_FR","og_type":"article","og_title":"Tunnel et tranch\u00e9e couverte &#183; H\u00fcnerwadel &amp; H\u00e4berli Sion SA","og_url":"https:\/\/hhsion.ch\/web\/genie-civile-et-geometre\/tunnel\/","og_site_name":"H\u00fcnerwadel &amp; H\u00e4berli Sion SA","article_publisher":"https:\/\/www.facebook.com\/HHsionSA\/","article_modified_time":"2021-09-28T04:54:28+00:00","twitter_card":"summary_large_image","twitter_misc":{"Dur\u00e9e de lecture estim\u00e9e":"1 minute"},"schema":{"@context":"https:\/\/schema.org","@graph":[{"@type":"WebPage","@id":"https:\/\/hhsion.ch\/web\/genie-civile-et-geometre\/tunnel\/","url":"https:\/\/hhsion.ch\/web\/genie-civile-et-geometre\/tunnel\/","name":"Tunnel et tranch\u00e9e couverte &#183; H\u00fcnerwadel &amp; H\u00e4berli Sion SA","isPartOf":{"@id":"https:\/\/hhsion.ch\/web\/#website"},"datePublished":"2021-09-28T04:24:26+00:00","dateModified":"2021-09-28T04:54:28+00:00","breadcrumb":{"@id":"https:\/\/hhsion.ch\/web\/genie-civile-et-geometre\/tunnel\/#breadcrumb"},"inLanguage":"fr-FR","potentialAction":[{"@type":"ReadAction","target":["https:\/\/hhsion.ch\/web\/genie-civile-et-geometre\/tunnel\/"]}]},{"@type":"BreadcrumbList","@id":"https:\/\/hhsion.ch\/web\/genie-civile-et-geometre\/tunnel\/#breadcrumb","itemListElement":[{"@type":"ListItem","position":1,"name":"Accueil","item":"https:\/\/hhsion.ch\/web\/"},{"@type":"ListItem","position":2,"name":"Ing\u00e9nieur civil","item":"https:\/\/hhsion.ch\/web\/genie-civile-et-geometre\/"},{"@type":"ListItem","position":3,"name":"Tunnel et tranch\u00e9e couverte"}]},{"@type":"WebSite","@id":"https:\/\/hhsion.ch\/web\/#website","url":"https:\/\/hhsion.ch\/web\/","name":"H\u00fcnerwadel & H\u00e4berli Sion SA","description":"","publisher":{"@id":"https:\/\/hhsion.ch\/web\/#organization"},"potentialAction":[{"@type":"SearchAction","target":{"@type":"EntryPoint","urlTemplate":"https:\/\/hhsion.ch\/web\/?s={search_term_string}"},"query-input":{"@type":"PropertyValueSpecification","valueRequired":true,"valueName":"search_term_string"}}],"inLanguage":"fr-FR"},{"@type":"Organization","@id":"https:\/\/hhsion.ch\/web\/#organization","name":"H\u00fcnerwadel & H\u00e4berli Sion SA","url":"https:\/\/hhsion.ch\/web\/","logo":{"@type":"ImageObject","inLanguage":"fr-FR","@id":"https:\/\/hhsion.ch\/web\/#\/schema\/logo\/image\/","url":"https:\/\/hhsion.ch\/web\/wp-content\/uploads\/2017\/09\/images.jpg","contentUrl":"https:\/\/hhsion.ch\/web\/wp-content\/uploads\/2017\/09\/images.jpg","width":225,"height":225,"caption":"H\u00fcnerwadel & H\u00e4berli Sion SA"},"image":{"@id":"https:\/\/hhsion.ch\/web\/#\/schema\/logo\/image\/"},"sameAs":["https:\/\/www.facebook.com\/HHsionSA\/","https:\/\/www.instagram.com\/hhsionsa\/","https:\/\/www.linkedin.com\/company\/h-h-sion-sa\/"]}]}},"_links":{"self":[{"href":"https:\/\/hhsion.ch\/web\/wp-json\/wp\/v2\/pages\/1685","targetHints":{"allow":["GET"]}}],"collection":[{"href":"https:\/\/hhsion.ch\/web\/wp-json\/wp\/v2\/pages"}],"about":[{"href":"https:\/\/hhsion.ch\/web\/wp-json\/wp\/v2\/types\/page"}],"author":[{"embeddable":true,"href":"https:\/\/hhsion.ch\/web\/wp-json\/wp\/v2\/users\/1"}],"replies":[{"embeddable":true,"href":"https:\/\/hhsion.ch\/web\/wp-json\/wp\/v2\/comments?post=1685"}],"version-history":[{"count":5,"href":"https:\/\/hhsion.ch\/web\/wp-json\/wp\/v2\/pages\/1685\/revisions"}],"predecessor-version":[{"id":1691,"href":"https:\/\/hhsion.ch\/web\/wp-json\/wp\/v2\/pages\/1685\/revisions\/1691"}],"up":[{"embeddable":true,"href":"https:\/\/hhsion.ch\/web\/wp-json\/wp\/v2\/pages\/23"}],"wp:attachment":[{"href":"https:\/\/hhsion.ch\/web\/wp-json\/wp\/v2\/media?parent=1685"}],"curies":[{"name":"wp","href":"https:\/\/api.w.org\/{rel}","templated":true}]}}