{"id":110,"date":"2018-01-02T23:32:39","date_gmt":"2018-01-02T22:32:39","guid":{"rendered":"http:\/\/896294.web09.swisscenter.com\/web\/?page_id=110"},"modified":"2018-07-02T12:48:48","modified_gmt":"2018-07-02T11:48:48","slug":"hystorique","status":"publish","type":"page","link":"https:\/\/hhsion.ch\/web\/hh-2\/hystorique\/","title":{"rendered":"Historique"},"content":{"rendered":"<p>1955 Fondation \u00e0 Z\u00fcrich du bureau d&rsquo;ing\u00e9nieurs civil H\u00fcnerwadel &amp; H\u00e4berli.<\/p>\n<p>1959 Mise en place d\u2019un bureau \u00e0 Sion.<\/p>\n<p>1974 Transformation de la soci\u00e9t\u00e9 simple en deux soci\u00e9t\u00e9s anonymes. M. H\u00fcnerwadel Job dirige le bureau de Sion transform\u00e9 en \u00ab\u00a0H\u00fcnerwadel &amp; H\u00e4berli Sion SA\u00a0\u00bb.<\/p>\n<p>1987 M. H\u00fcnerwadel Job se retire progressivement des activit\u00e9s et c\u00e8de le capital et la direction de la soci\u00e9t\u00e9 \u00e0 M. Gillioz Pascal.<\/p>\n<p>1989 La majorit\u00e9 du capital est entre les mains de ce dernier et la totalit\u00e9 entre les mains des collaborateurs actifs.<\/p>\n<p>&nbsp;<\/p>\n<p>&nbsp;<\/p>\n<p>&nbsp;<\/p>\n<p>&nbsp;<\/p>\n<p>&nbsp;<\/p>\n<p>&nbsp;<\/p>\n<p>&nbsp;<\/p>\n<p>&nbsp;<\/p>\n<p>&nbsp;<\/p>\n<p>&nbsp;<\/p>\n<p>&nbsp;<\/p>\n<p>&nbsp;<\/p>\n","protected":false},"excerpt":{"rendered":"<p>1955 Fondation \u00e0 Z\u00fcrich du bureau d&rsquo;ing\u00e9nieurs civil H\u00fcnerwadel &amp; H\u00e4berli. 1959 Mise en place d\u2019un bureau \u00e0 Sion. 1974 Transformation de la soci\u00e9t\u00e9 simple en deux soci\u00e9t\u00e9s anonymes. M. H\u00fcnerwadel Job dirige le bureau de Sion transform\u00e9 en \u00ab\u00a0H\u00fcnerwadel &amp; H\u00e4berli Sion SA\u00a0\u00bb. 1987 M. H\u00fcnerwadel Job se retire progressivement des activit\u00e9s et c\u00e8de [&hellip;]<\/p>\n","protected":false},"author":1,"featured_media":0,"parent":21,"menu_order":0,"comment_status":"closed","ping_status":"closed","template":"","meta":{"om_disable_all_campaigns":false,"_monsterinsights_skip_tracking":false,"_monsterinsights_sitenote_active":false,"_monsterinsights_sitenote_note":"","_monsterinsights_sitenote_category":0,"_uf_show_specific_survey":0,"_uf_disable_surveys":false,"footnotes":""},"class_list":["post-110","page","type-page","status-publish","hentry"],"aioseo_notices":[],"yoast_head":"<!-- This site is optimized with the Yoast SEO plugin v25.8 - https:\/\/yoast.com\/wordpress\/plugins\/seo\/ -->\n<title>Historique &#183; H\u00fcnerwadel &amp; H\u00e4berli Sion SA<\/title>\n<meta name=\"robots\" content=\"index, follow, max-snippet:-1, max-image-preview:large, max-video-preview:-1\" \/>\n<link rel=\"canonical\" href=\"https:\/\/hhsion.ch\/web\/hh-2\/hystorique\/\" \/>\n<meta property=\"og:locale\" content=\"fr_FR\" \/>\n<meta property=\"og:type\" content=\"article\" \/>\n<meta property=\"og:title\" content=\"Historique &#183; H\u00fcnerwadel &amp; H\u00e4berli Sion SA\" \/>\n<meta property=\"og:description\" content=\"1955 Fondation \u00e0 Z\u00fcrich du bureau d&rsquo;ing\u00e9nieurs civil H\u00fcnerwadel &amp; H\u00e4berli. 1959 Mise en place d\u2019un bureau \u00e0 Sion. 1974 Transformation de la soci\u00e9t\u00e9 simple en deux soci\u00e9t\u00e9s anonymes. M. H\u00fcnerwadel Job dirige le bureau de Sion transform\u00e9 en \u00ab\u00a0H\u00fcnerwadel &amp; H\u00e4berli Sion SA\u00a0\u00bb. 1987 M. H\u00fcnerwadel Job se retire progressivement des activit\u00e9s et c\u00e8de [&hellip;]\" \/>\n<meta property=\"og:url\" content=\"https:\/\/hhsion.ch\/web\/hh-2\/hystorique\/\" \/>\n<meta property=\"og:site_name\" content=\"H\u00fcnerwadel &amp; H\u00e4berli Sion SA\" \/>\n<meta property=\"article:publisher\" content=\"https:\/\/www.facebook.com\/HHsionSA\/\" \/>\n<meta property=\"article:modified_time\" content=\"2018-07-02T11:48:48+00:00\" \/>\n<meta name=\"twitter:card\" content=\"summary_large_image\" \/>\n<meta name=\"twitter:label1\" content=\"Dur\u00e9e de lecture estim\u00e9e\" \/>\n\t<meta name=\"twitter:data1\" content=\"1 minute\" \/>\n<script type=\"application\/ld+json\" class=\"yoast-schema-graph\">{\"@context\":\"https:\/\/schema.org\",\"@graph\":[{\"@type\":\"WebPage\",\"@id\":\"https:\/\/hhsion.ch\/web\/hh-2\/hystorique\/\",\"url\":\"https:\/\/hhsion.ch\/web\/hh-2\/hystorique\/\",\"name\":\"Historique &#183; H\u00fcnerwadel &amp; H\u00e4berli Sion SA\",\"isPartOf\":{\"@id\":\"https:\/\/hhsion.ch\/web\/#website\"},\"datePublished\":\"2018-01-02T22:32:39+00:00\",\"dateModified\":\"2018-07-02T11:48:48+00:00\",\"breadcrumb\":{\"@id\":\"https:\/\/hhsion.ch\/web\/hh-2\/hystorique\/#breadcrumb\"},\"inLanguage\":\"fr-FR\",\"potentialAction\":[{\"@type\":\"ReadAction\",\"target\":[\"https:\/\/hhsion.ch\/web\/hh-2\/hystorique\/\"]}]},{\"@type\":\"BreadcrumbList\",\"@id\":\"https:\/\/hhsion.ch\/web\/hh-2\/hystorique\/#breadcrumb\",\"itemListElement\":[{\"@type\":\"ListItem\",\"position\":1,\"name\":\"Accueil\",\"item\":\"https:\/\/hhsion.ch\/web\/\"},{\"@type\":\"ListItem\",\"position\":2,\"name\":\"h\u00b0H\",\"item\":\"https:\/\/hhsion.ch\/web\/hh-2\/\"},{\"@type\":\"ListItem\",\"position\":3,\"name\":\"Historique\"}]},{\"@type\":\"WebSite\",\"@id\":\"https:\/\/hhsion.ch\/web\/#website\",\"url\":\"https:\/\/hhsion.ch\/web\/\",\"name\":\"H\u00fcnerwadel & H\u00e4berli Sion SA\",\"description\":\"\",\"publisher\":{\"@id\":\"https:\/\/hhsion.ch\/web\/#organization\"},\"potentialAction\":[{\"@type\":\"SearchAction\",\"target\":{\"@type\":\"EntryPoint\",\"urlTemplate\":\"https:\/\/hhsion.ch\/web\/?s={search_term_string}\"},\"query-input\":{\"@type\":\"PropertyValueSpecification\",\"valueRequired\":true,\"valueName\":\"search_term_string\"}}],\"inLanguage\":\"fr-FR\"},{\"@type\":\"Organization\",\"@id\":\"https:\/\/hhsion.ch\/web\/#organization\",\"name\":\"H\u00fcnerwadel & H\u00e4berli Sion SA\",\"url\":\"https:\/\/hhsion.ch\/web\/\",\"logo\":{\"@type\":\"ImageObject\",\"inLanguage\":\"fr-FR\",\"@id\":\"https:\/\/hhsion.ch\/web\/#\/schema\/logo\/image\/\",\"url\":\"https:\/\/hhsion.ch\/web\/wp-content\/uploads\/2017\/09\/images.jpg\",\"contentUrl\":\"https:\/\/hhsion.ch\/web\/wp-content\/uploads\/2017\/09\/images.jpg\",\"width\":225,\"height\":225,\"caption\":\"H\u00fcnerwadel & H\u00e4berli Sion SA\"},\"image\":{\"@id\":\"https:\/\/hhsion.ch\/web\/#\/schema\/logo\/image\/\"},\"sameAs\":[\"https:\/\/www.facebook.com\/HHsionSA\/\",\"https:\/\/www.instagram.com\/hhsionsa\/\",\"https:\/\/www.linkedin.com\/company\/h-h-sion-sa\/\"]}]}<\/script>\n<!-- \/ Yoast SEO plugin. -->","yoast_head_json":{"title":"Historique &#183; H\u00fcnerwadel &amp; H\u00e4berli Sion SA","robots":{"index":"index","follow":"follow","max-snippet":"max-snippet:-1","max-image-preview":"max-image-preview:large","max-video-preview":"max-video-preview:-1"},"canonical":"https:\/\/hhsion.ch\/web\/hh-2\/hystorique\/","og_locale":"fr_FR","og_type":"article","og_title":"Historique &#183; H\u00fcnerwadel &amp; H\u00e4berli Sion SA","og_description":"1955 Fondation \u00e0 Z\u00fcrich du bureau d&rsquo;ing\u00e9nieurs civil H\u00fcnerwadel &amp; H\u00e4berli. 1959 Mise en place d\u2019un bureau \u00e0 Sion. 1974 Transformation de la soci\u00e9t\u00e9 simple en deux soci\u00e9t\u00e9s anonymes. M. H\u00fcnerwadel Job dirige le bureau de Sion transform\u00e9 en \u00ab\u00a0H\u00fcnerwadel &amp; H\u00e4berli Sion SA\u00a0\u00bb. 1987 M. H\u00fcnerwadel Job se retire progressivement des activit\u00e9s et c\u00e8de [&hellip;]","og_url":"https:\/\/hhsion.ch\/web\/hh-2\/hystorique\/","og_site_name":"H\u00fcnerwadel &amp; H\u00e4berli Sion SA","article_publisher":"https:\/\/www.facebook.com\/HHsionSA\/","article_modified_time":"2018-07-02T11:48:48+00:00","twitter_card":"summary_large_image","twitter_misc":{"Dur\u00e9e de lecture estim\u00e9e":"1 minute"},"schema":{"@context":"https:\/\/schema.org","@graph":[{"@type":"WebPage","@id":"https:\/\/hhsion.ch\/web\/hh-2\/hystorique\/","url":"https:\/\/hhsion.ch\/web\/hh-2\/hystorique\/","name":"Historique &#183; H\u00fcnerwadel &amp; H\u00e4berli Sion SA","isPartOf":{"@id":"https:\/\/hhsion.ch\/web\/#website"},"datePublished":"2018-01-02T22:32:39+00:00","dateModified":"2018-07-02T11:48:48+00:00","breadcrumb":{"@id":"https:\/\/hhsion.ch\/web\/hh-2\/hystorique\/#breadcrumb"},"inLanguage":"fr-FR","potentialAction":[{"@type":"ReadAction","target":["https:\/\/hhsion.ch\/web\/hh-2\/hystorique\/"]}]},{"@type":"BreadcrumbList","@id":"https:\/\/hhsion.ch\/web\/hh-2\/hystorique\/#breadcrumb","itemListElement":[{"@type":"ListItem","position":1,"name":"Accueil","item":"https:\/\/hhsion.ch\/web\/"},{"@type":"ListItem","position":2,"name":"h\u00b0H","item":"https:\/\/hhsion.ch\/web\/hh-2\/"},{"@type":"ListItem","position":3,"name":"Historique"}]},{"@type":"WebSite","@id":"https:\/\/hhsion.ch\/web\/#website","url":"https:\/\/hhsion.ch\/web\/","name":"H\u00fcnerwadel & H\u00e4berli Sion SA","description":"","publisher":{"@id":"https:\/\/hhsion.ch\/web\/#organization"},"potentialAction":[{"@type":"SearchAction","target":{"@type":"EntryPoint","urlTemplate":"https:\/\/hhsion.ch\/web\/?s={search_term_string}"},"query-input":{"@type":"PropertyValueSpecification","valueRequired":true,"valueName":"search_term_string"}}],"inLanguage":"fr-FR"},{"@type":"Organization","@id":"https:\/\/hhsion.ch\/web\/#organization","name":"H\u00fcnerwadel & H\u00e4berli Sion SA","url":"https:\/\/hhsion.ch\/web\/","logo":{"@type":"ImageObject","inLanguage":"fr-FR","@id":"https:\/\/hhsion.ch\/web\/#\/schema\/logo\/image\/","url":"https:\/\/hhsion.ch\/web\/wp-content\/uploads\/2017\/09\/images.jpg","contentUrl":"https:\/\/hhsion.ch\/web\/wp-content\/uploads\/2017\/09\/images.jpg","width":225,"height":225,"caption":"H\u00fcnerwadel & H\u00e4berli Sion SA"},"image":{"@id":"https:\/\/hhsion.ch\/web\/#\/schema\/logo\/image\/"},"sameAs":["https:\/\/www.facebook.com\/HHsionSA\/","https:\/\/www.instagram.com\/hhsionsa\/","https:\/\/www.linkedin.com\/company\/h-h-sion-sa\/"]}]}},"_links":{"self":[{"href":"https:\/\/hhsion.ch\/web\/wp-json\/wp\/v2\/pages\/110","targetHints":{"allow":["GET"]}}],"collection":[{"href":"https:\/\/hhsion.ch\/web\/wp-json\/wp\/v2\/pages"}],"about":[{"href":"https:\/\/hhsion.ch\/web\/wp-json\/wp\/v2\/types\/page"}],"author":[{"embeddable":true,"href":"https:\/\/hhsion.ch\/web\/wp-json\/wp\/v2\/users\/1"}],"replies":[{"embeddable":true,"href":"https:\/\/hhsion.ch\/web\/wp-json\/wp\/v2\/comments?post=110"}],"version-history":[{"count":5,"href":"https:\/\/hhsion.ch\/web\/wp-json\/wp\/v2\/pages\/110\/revisions"}],"predecessor-version":[{"id":1092,"href":"https:\/\/hhsion.ch\/web\/wp-json\/wp\/v2\/pages\/110\/revisions\/1092"}],"up":[{"embeddable":true,"href":"https:\/\/hhsion.ch\/web\/wp-json\/wp\/v2\/pages\/21"}],"wp:attachment":[{"href":"https:\/\/hhsion.ch\/web\/wp-json\/wp\/v2\/media?parent=110"}],"curies":[{"name":"wp","href":"https:\/\/api.w.org\/{rel}","templated":true}]}}